{"id":2161,"date":"2017-07-28T10:07:21","date_gmt":"2017-07-28T10:07:21","guid":{"rendered":"http:\/\/trivisa.es\/?page_id=2161\/"},"modified":"2024-11-09T08:48:34","modified_gmt":"2024-11-09T08:48:34","slug":"que-ens-diferencia","status":"publish","type":"page","link":"https:\/\/trivisa.es\/ca\/que-ens-diferencia\/","title":{"rendered":"Qu\u00e8 ens diferencia"},"content":{"rendered":"<div class=\"wpb-content-wrapper\">[vc_row section_background=&#8221;color&#8221; section_id=&#8221;special-features&#8221; section_name=&#8221;Special Features&#8221; background_color=&#8221;#ffffff&#8221;][vc_column][jeg_heading title=&#8221;QU\u00c8 ENS DIFERENCIA&#8221; alt=&#8221;Arquitectura neta, racional i sostenible&#8221;][vc_row_inner enable_animation=&#8221;yes&#8221; animspeed=&#8221;fast&#8221; seqspeed=&#8221;302&#8243;][vc_column_inner width=&#8221;1\/2&#8243;][vc_empty_space height=&#8221;45px&#8221;][vc_column_text]<img loading=\"lazy\" decoding=\"async\" class=\"aligncenter wp-image-1763 size-full\" src=\"https:\/\/trivisa.es\/wp-content\/uploads\/2014\/07\/023.jpg\" alt=\"023\" width=\"590\" height=\"355\" srcset=\"https:\/\/trivisa.es\/wp-content\/uploads\/2014\/07\/023.jpg 590w, https:\/\/trivisa.es\/wp-content\/uploads\/2014\/07\/023-300x181.jpg 300w\" sizes=\"auto, (max-width: 590px) 100vw, 590px\" \/>[\/vc_column_text][\/vc_column_inner][vc_column_inner width=&#8221;1\/2&#8243; fadein=&#8221;yes&#8221; position=&#8221;bottom&#8221;][vc_empty_space height=&#8221;30px&#8221;][vc_column_text]<\/p>\n<h3 class=\"vc_custom_heading\">Qualitat, efici\u00e8ncia i rapidesa<\/h3>\n<div class=\"wpb_text_column wpb_content_element \">\n<div class=\"wpb_wrapper\">\n<p>Som un <strong>equip t\u00e8cnic competitiu<\/strong> amb m\u00e9s de 30 anys d&#8217;experi\u00e8ncia en el sector de la construcci\u00f3. La innovaci\u00f3 constant en el control i gesti\u00f3 del proc\u00e9s constructiu ens permet ser al voltant de dues vegades <strong>m\u00e9s r\u00e0pids<\/strong> del que \u00e9s convencional a nivell local.<\/p>\n<p>A m\u00e9s de la utilitzaci\u00f3 de <strong>materials d&#8217;alta qualitat<\/strong>, els nostres dissenys ofereixen el m\u00e0xim aprofitament de les millors vistes, el sol a l&#8217;hivern, les zones d&#8217;ombra a l&#8217;estiu, l&#8217;aire fresc i la llum.<\/p>\n<p>&nbsp;<\/p>\n<\/div>\n<\/div>\n<p>[\/vc_column_text][\/vc_column_inner][\/vc_row_inner][jeg_hr][vc_row_inner enable_animation=&#8221;yes&#8221; animspeed=&#8221;fast&#8221; seqspeed=&#8221;302&#8243;][vc_column_inner width=&#8221;1\/2&#8243;][vc_empty_space height=&#8221;30px&#8221;][vc_column_text]<\/p>\n<h3 class=\"vc_custom_heading\">Energia renovable<\/h3>\n<p>Fem servir energia geot\u00e8rmica i solar entre altres per tal de reduir al m\u00e0xim la despesa en calefacci\u00f3 i refrigeraci\u00f3 a l&#8217;hora que afavorim el medi ambient. Produ\u00efm pl\u00e0nols que il\u00b7lustren l&#8217;angle exacte del sol a qualsevol hora i qualsevol dia i il\u00b7lustrem com aquest varia al llarg de l&#8217;any.<\/p>\n<p>Una bona orientaci\u00f3, juntament amb altres caracter\u00edstiques d&#8217;efici\u00e8ncia energ\u00e8tica, pot reduir o fins i tot eliminar la necessitat de calefacci\u00f3 i refrigeraci\u00f3, el que resulta en reduir les emissions de gasos i una major comoditat.[\/vc_column_text][\/vc_column_inner][vc_column_inner width=&#8221;1\/2&#8243; fadein=&#8221;yes&#8221; position=&#8221;bottom&#8221;][vc_empty_space height=&#8221;45px&#8221;][vc_column_text]<\/p>\n<p><img loading=\"lazy\" decoding=\"async\" class=\"aligncenter wp-image-1764 size-full\" src=\"https:\/\/trivisa.es\/wp-content\/uploads\/2014\/07\/9898.jpg\" alt=\"9898\" width=\"590\" height=\"391\" srcset=\"https:\/\/trivisa.es\/wp-content\/uploads\/2014\/07\/9898.jpg 590w, https:\/\/trivisa.es\/wp-content\/uploads\/2014\/07\/9898-300x199.jpg 300w\" sizes=\"auto, (max-width: 590px) 100vw, 590px\" \/>[\/vc_column_text][\/vc_column_inner][\/vc_row_inner][vc_empty_space height=&#8221;30px&#8221;][jeg_hr][vc_row_inner enable_animation=&#8221;yes&#8221; animspeed=&#8221;fast&#8221; seqspeed=&#8221;302&#8243;][vc_column_inner width=&#8221;1\/2&#8243;][vc_empty_space height=&#8221;45px&#8221;][vc_column_text]<img loading=\"lazy\" decoding=\"async\" class=\"alignnone size-medium wp-image-1192\" src=\"https:\/\/trivisa.es\/wp-content\/uploads\/2014\/07\/big_0203d2500x1875-400x250-300x188.jpg\" alt=\"\" width=\"300\" height=\"188\" srcset=\"https:\/\/trivisa.es\/wp-content\/uploads\/2014\/07\/big_0203d2500x1875-400x250-300x188.jpg 300w, https:\/\/trivisa.es\/wp-content\/uploads\/2014\/07\/big_0203d2500x1875-400x250.jpg 400w\" sizes=\"auto, (max-width: 300px) 100vw, 300px\" \/>[\/vc_column_text][\/vc_column_inner][vc_column_inner width=&#8221;1\/2&#8243; fadein=&#8221;yes&#8221; position=&#8221;bottom&#8221;][vc_empty_space height=&#8221;22&#8243;][vc_column_text]<\/p>\n<h3 class=\"vc_custom_heading\">Llar a mida<\/h3>\n<div class=\"wpb_text_column wpb_content_element \">\n<div class=\"wpb_wrapper\">\n<p>Ens prenem temps per avaluar la parcel\u00b7la, fer-te preguntes i escoltar les teves demandes i necessitats per assegurar-nos que entenem com t&#8217;agradaria viure en la teva nova casa.<br \/>\nAra \u00e9s m\u00e9s f\u00e0cil per a tu. T&#8217;oferim una <strong>\u00e0mplia gamma de serveis<\/strong> que inclouen la gesti\u00f3 durant tot el proc\u00e9s constructiu aix\u00ed com la realitzaci\u00f3 de pl\u00e0nols i tr\u00e0mits necessaris previ al comen\u00e7ament de l&#8217;obra. Tamb\u00e9 tenim en compte:<\/p>\n<ul>\n<li>Rangs de temperatura estacional i di\u00fcrna.<\/li>\n<li>El microclima i la humitat.<\/li>\n<li>La direcci\u00f3 de la brisa, vents freds i calents.<\/li>\n<li>Les caracter\u00edstiques geogr\u00e0fiques locals i edificis adjacents.<\/li>\n<\/ul>\n<\/div>\n<\/div>\n<p>[\/vc_column_text][\/vc_column_inner][\/vc_row_inner][\/vc_column][\/vc_row][vc_row section_top_margin=&#8221;doubletopmargin&#8221; section_background=&#8221;parallaxbg&#8221; parallax_enable_1=&#8221;yes&#8221; parallax_cover_1=&#8221;yes&#8221; parallax_speed_1=&#8221;300&#8243; section_id=&#8221;callout-buy&#8221; parallax_mobile_fallback=&#8221;1499&#8243; parallax_image_1=&#8221;1505&#8243; parallax_overlay=&#8221;rgba(255,255,255,0.63)&#8221;][vc_column][vc_column_text]<\/p>\n<h1 style=\"text-align: center;\">Demani informaci\u00f3 i pressupost<\/h1>\n<h1 style=\"text-align: center;\">sense comprom\u00eds<\/h1>\n<p>[\/vc_column_text][jeg_spacing size=&#8221;60&#8243;][jeg_button url=&#8221;https:\/\/trivisa.es\/contacto\/&#8221; text=&#8221;SOL\u00b7LICITAR INFORMACI\u00d3&#8221;][jeg_spacing size=&#8221;60&#8243;][\/vc_column][\/vc_row]\n<\/div>","protected":false},"excerpt":{"rendered":"<p>[vc_row section_background=&#8221;color&#8221; section_id=&#8221;special-features&#8221; section_name=&#8221;Special Features&#8221; background_color=&#8221;#ffffff&#8221;][vc_column][jeg_heading title=&#8221;QU\u00c8 ENS DIFERENCIA&#8221; alt=&#8221;Arquitectura neta, racional i sostenible&#8221;][vc_row_inner enable_animation=&#8221;yes&#8221; animspeed=&#8221;fast&#8221; seqspeed=&#8221;302&#8243;][vc_column_inner width=&#8221;1\/2&#8243;][vc_empty_space height=&#8221;45px&#8221;][vc_column_text][\/vc_column_text][\/vc_column_inner][vc_column_inner width=&#8221;1\/2&#8243; fadein=&#8221;yes&#8221; position=&#8221;bottom&#8221;][vc_empty_space height=&#8221;30px&#8221;][vc_column_text] Qualitat, efici\u00e8ncia i rapidesa Som un equip t\u00e8cnic competitiu amb m\u00e9s de 30 anys d&#8217;experi\u00e8ncia en el sector de la construcci\u00f3. La innovaci\u00f3 constant en el control &hellip; <a class=\"readmore\" href=\"https:\/\/trivisa.es\/ca\/que-ens-diferencia\/\">Continue reading <span class=\"meta-nav\">&rarr;<\/span><\/a><\/p>\n","protected":false},"author":1,"featured_media":0,"parent":0,"menu_order":24,"comment_status":"closed","ping_status":"closed","template":"template\/template-landing-page-vc.php","meta":{"footnotes":""},"class_list":["post-2161","page","type-page","status-publish","hentry"],"_links":{"self":[{"href":"https:\/\/trivisa.es\/ca\/wp-json\/wp\/v2\/pages\/2161","targetHints":{"allow":["GET"]}}],"collection":[{"href":"https:\/\/trivisa.es\/ca\/wp-json\/wp\/v2\/pages"}],"about":[{"href":"https:\/\/trivisa.es\/ca\/wp-json\/wp\/v2\/types\/page"}],"author":[{"embeddable":true,"href":"https:\/\/trivisa.es\/ca\/wp-json\/wp\/v2\/users\/1"}],"replies":[{"embeddable":true,"href":"https:\/\/trivisa.es\/ca\/wp-json\/wp\/v2\/comments?post=2161"}],"version-history":[{"count":0,"href":"https:\/\/trivisa.es\/ca\/wp-json\/wp\/v2\/pages\/2161\/revisions"}],"wp:attachment":[{"href":"https:\/\/trivisa.es\/ca\/wp-json\/wp\/v2\/media?parent=2161"}],"curies":[{"name":"wp","href":"https:\/\/api.w.org\/{rel}","templated":true}]}}