{"id":2146,"date":"2017-07-28T09:39:11","date_gmt":"2017-07-28T09:39:11","guid":{"rendered":"http:\/\/trivisa.es\/?page_id=2146\/"},"modified":"2024-11-09T08:48:30","modified_gmt":"2024-11-09T08:48:30","slug":"serveis","status":"publish","type":"page","link":"https:\/\/trivisa.es\/ca\/serveis\/","title":{"rendered":"Serveis"},"content":{"rendered":"<div class=\"wpb-content-wrapper\">[vc_row][vc_column][jeg_heading title=&#8221;ELS NOSTRES SERVEIS&#8221; alt=&#8221;T&#8217;oferim projectes innovadors d&#8217;habitatges exclusius basats en un disseny actual i en l&#8217;efici\u00e8ncia constructiva&#8221;][vc_empty_space height=&#8221;10px&#8221;][vc_row_inner][vc_column_inner el_class=&#8221;blanco&#8221; width=&#8221;1\/3&#8243;][vc_single_image image=&#8221;1505&#8243; img_size=&#8221;medium&#8221; alignment=&#8221;center&#8221; style=&#8221;vc_box_circle_2&#8243;][vc_column_text]<\/p>\n<h3 style=\"text-align: center;\">ARQUITECTURA Y DISSENY<\/h3>\n<p>[\/vc_column_text][vc_separator color=&#8221;black&#8221; border_width=&#8221;3&#8243; el_width=&#8221;20&#8243;][vc_column_text]<\/p>\n<p style=\"text-align: center;\">Dissenyem la teva casa a mida. La nostra tasca \u00e9s ajudar-vos a definir-la i desenvolupar les vostres idees per a una llar m\u00e9s enll\u00e0 dels vostres somnis.<\/p>\n<p style=\"text-align: center;\">[\/vc_column_text][\/vc_column_inner][vc_column_inner el_class=&#8221;blanco&#8221; width=&#8221;1\/3&#8243;][vc_single_image image=&#8221;1852&#8243; img_size=&#8221;medium&#8221; alignment=&#8221;center&#8221; style=&#8221;vc_box_circle_2&#8243;][vc_column_text]<\/p>\n<h3 style=\"text-align: center;\">SELECI\u00d3 DE PARCEL\u00b7LES<\/h3>\n<p>[\/vc_column_text][vc_separator color=&#8221;black&#8221; border_width=&#8221;3&#8243; el_width=&#8221;20&#8243;][vc_column_text]<\/p>\n<p style=\"text-align: center;\">Busquem la millor trama que s&#8217;adapti a les seves necessitats i que compleixi els nostres requisits d&#8217;orientaci\u00f3, ubicaci\u00f3 i vistes.<\/p>\n<p style=\"text-align: left;\">[\/vc_column_text][\/vc_column_inner][vc_column_inner el_class=&#8221;blanco&#8221; width=&#8221;1\/3&#8243;][vc_single_image image=&#8221;1921&#8243; img_size=&#8221;medium&#8221; alignment=&#8221;center&#8221; style=&#8221;vc_box_circle_2&#8243;][vc_column_text]<\/p>\n<h3 style=\"text-align: center;\">L&#8217;EFICI\u00c8NCIA ENERG\u00c8TICA<\/h3>\n<p>[\/vc_column_text][vc_separator color=&#8221;black&#8221; border_width=&#8221;3&#8243; el_width=&#8221;20&#8243;][vc_column_text]<\/p>\n<p style=\"text-align: center;\"><span style=\"text-align: left;\">Dissenyem cases eficients. Ens ocupem especialment de l&#8217;orientaci\u00f3 de les habitacions, de la posici\u00f3 de les finestres i de les ombres.<\/span><\/p>\n<p style=\"text-align: left;\"><span style=\"text-align: left;\">[\/vc_column_text][\/vc_column_inner][\/vc_row_inner][vc_row_inner][vc_column_inner el_class=&#8221;blanco&#8221; width=&#8221;1\/3&#8243;][vc_single_image image=&#8221;1854&#8243; img_size=&#8221;medium&#8221; alignment=&#8221;center&#8221; style=&#8221;vc_box_circle_2&#8243;][vc_column_text]<\/span><\/p>\n<h3 style=\"text-align: center;\">CONSTRUCCI\u00d3 INNOVADORA<\/h3>\n<p>[\/vc_column_text][vc_separator color=&#8221;black&#8221; border_width=&#8221;3&#8243; el_width=&#8221;20&#8243;][vc_column_text]<\/p>\n<p style=\"text-align: center;\">Realitzem tot tipus d&#8217;edificis i obres, des d&#8217;habitatges unifamiliars fins a urbanitzacions o edificis p\u00fablics assolint alts nivells de qualitat.<\/p>\n<p>[\/vc_column_text][\/vc_column_inner][vc_column_inner el_class=&#8221;blanco&#8221; width=&#8221;1\/3&#8243;][vc_single_image image=&#8221;1504&#8243; img_size=&#8221;medium&#8221; alignment=&#8221;center&#8221; style=&#8221;vc_box_circle_2&#8243;][vc_column_text]<\/p>\n<h3 style=\"text-align: center;\">RENOVACI\u00d3 I REHABILITACI\u00d3<\/h3>\n<p>[\/vc_column_text][vc_separator color=&#8221;black&#8221; border_width=&#8221;3&#8243; el_width=&#8221;20&#8243;][vc_column_text]<\/p>\n<p style=\"text-align: center;\"><span style=\"text-align: left;\">Reformes i rehabilitaci\u00f3 a tots els nivells, des de la renovaci\u00f3 d&#8217;acabats fins a reformes integrals de tot tipus d&#8217;edificis.<\/span><\/p>\n<p style=\"text-align: left;\"><span style=\"text-align: left;\">[\/vc_column_text][\/vc_column_inner][vc_column_inner el_class=&#8221;blanco&#8221; width=&#8221;1\/3&#8243;][vc_single_image image=&#8221;1918&#8243; img_size=&#8221;medium&#8221; alignment=&#8221;center&#8221; style=&#8221;vc_box_circle_2&#8243;][vc_column_text]<\/span><\/p>\n<h3 style=\"text-align: center;\">SUPORT T\u00c8CNIC DE LA CONSTRUCCI\u00d3<\/h3>\n<p>[\/vc_column_text][vc_separator color=&#8221;black&#8221; border_width=&#8221;3&#8243; el_width=&#8221;20&#8243;][vc_column_text]<\/p>\n<p style=\"text-align: center;\"><span style=\"text-align: left;\">Direcci\u00f3, seguiment i gesti\u00f3 del treball pel nostre equip de t\u00e8cnics qualificats, resolent els problemes que sorgeixen en el proc\u00e9s.<\/span><\/p>\n<p style=\"text-align: left;\"><span style=\"text-align: left;\">[\/vc_column_text][\/vc_column_inner][\/vc_row_inner][\/vc_column][\/vc_row]<\/span><\/p>\n<\/div>","protected":false},"excerpt":{"rendered":"<p>[vc_row][vc_column][jeg_heading title=&#8221;ELS NOSTRES SERVEIS&#8221; alt=&#8221;T&#8217;oferim projectes innovadors d&#8217;habitatges exclusius basats en un disseny actual i en l&#8217;efici\u00e8ncia constructiva&#8221;][vc_empty_space height=&#8221;10px&#8221;][vc_row_inner][vc_column_inner el_class=&#8221;blanco&#8221; width=&#8221;1\/3&#8243;][vc_single_image image=&#8221;1505&#8243; img_size=&#8221;medium&#8221; alignment=&#8221;center&#8221; style=&#8221;vc_box_circle_2&#8243;][vc_column_text] ARQUITECTURA Y DISSENY [\/vc_column_text][vc_separator color=&#8221;black&#8221; border_width=&#8221;3&#8243; el_width=&#8221;20&#8243;][vc_column_text] Dissenyem la teva casa a mida. La nostra tasca \u00e9s ajudar-vos a definir-la i desenvolupar les vostres idees &hellip; <a class=\"readmore\" href=\"https:\/\/trivisa.es\/ca\/serveis\/\">Continue reading <span class=\"meta-nav\">&rarr;<\/span><\/a><\/p>\n","protected":false},"author":1,"featured_media":0,"parent":0,"menu_order":22,"comment_status":"closed","ping_status":"closed","template":"template\/template-landing-page-vc.php","meta":{"footnotes":""},"class_list":["post-2146","page","type-page","status-publish","hentry"],"_links":{"self":[{"href":"https:\/\/trivisa.es\/ca\/wp-json\/wp\/v2\/pages\/2146","targetHints":{"allow":["GET"]}}],"collection":[{"href":"https:\/\/trivisa.es\/ca\/wp-json\/wp\/v2\/pages"}],"about":[{"href":"https:\/\/trivisa.es\/ca\/wp-json\/wp\/v2\/types\/page"}],"author":[{"embeddable":true,"href":"https:\/\/trivisa.es\/ca\/wp-json\/wp\/v2\/users\/1"}],"replies":[{"embeddable":true,"href":"https:\/\/trivisa.es\/ca\/wp-json\/wp\/v2\/comments?post=2146"}],"version-history":[{"count":0,"href":"https:\/\/trivisa.es\/ca\/wp-json\/wp\/v2\/pages\/2146\/revisions"}],"wp:attachment":[{"href":"https:\/\/trivisa.es\/ca\/wp-json\/wp\/v2\/media?parent=2146"}],"curies":[{"name":"wp","href":"https:\/\/api.w.org\/{rel}","templated":true}]}}