{"id":2126,"date":"2017-07-28T08:45:07","date_gmt":"2017-07-28T08:45:07","guid":{"rendered":"http:\/\/trivisa.es\/?page_id=2126\/"},"modified":"2024-11-09T08:48:37","modified_gmt":"2024-11-09T08:48:37","slug":"que-fem","status":"publish","type":"page","link":"https:\/\/trivisa.es\/ca\/que-fem\/","title":{"rendered":"QU\u00c8 FEM"},"content":{"rendered":"<div class=\"wpb-content-wrapper\">[vc_row section_top_margin=&#8221;doubletopmargin&#8221; section_background=&#8221;color&#8221; background_color=&#8221;#ffffff&#8221;][vc_column][jeg_heading type=&#8221;h2&#8243; title=&#8221;QU\u00c8 FEM&#8221; alt=&#8221;Disseny, Innovaci\u00f3 i Efici\u00e8ncia.&#8221;][vc_empty_space height=&#8221;10px&#8221;][vc_row_inner enable_animation=&#8221;yes&#8221; animspeed=&#8221;fast&#8221; seqspeed=&#8221;150&#8243;][vc_column_inner fadein=&#8221;yes&#8221; position=&#8221;bottom&#8221;][vc_column_text]TRIVISA \u00e9s una empresa formada per Arquitectes i Arquitectes T\u00e8cnics dedicada al sector de la construcci\u00f3 des de 1987. TRIVISA treballa tant per a mercats nacionals com internacionals i ofereix, entre altres productes, les millors i m\u00e9s exclusives cases del mercat immobiliari. Amb m\u00e9s de 30 anys d&#8217;experi\u00e8ncia, TRIVISA es compromet amb la qualitat, l&#8217;adaptaci\u00f3 mediambiental i les energies renovables per a les nostres llars.<\/p>\n<p>Gaudeix d&#8217;una ubicaci\u00f3 excel\u00b7lent a Sitges, una ciutat cultural i cosmopolita situada a la costa mediterr\u00e0nia, a tan sols 30 minuts de Barcelona. TRIVISA tamb\u00e9 ofereix tot tipus de serveis relacionats amb la construcci\u00f3 i compta amb el personal, eines i mitjans per fer qualsevol treball. Els seus projectes sempre s&#8217;han caracteritzat per estar ubicats en els millors entorns, oferint acabats de primera qualitat i una incomparable relaci\u00f3 qualitat-preu.[\/vc_column_text][\/vc_column_inner][\/vc_row_inner][vc_empty_space height=&#8221;15px&#8221;][vc_empty_space height=&#8221;15px&#8221;][vc_single_image image=&#8221;1620&#8243; img_size=&#8221;full&#8221; add_caption=&#8221;yes&#8221; alignment=&#8221;center&#8221; style=&#8221;vc_box_shadow_3d&#8221;][vc_row_inner enable_animation=&#8221;yes&#8221; animspeed=&#8221;fast&#8221; seqspeed=&#8221;150&#8243;][vc_column_inner width=&#8221;1\/3&#8243; fadein=&#8221;yes&#8221; position=&#8221;bottom&#8221;][vc_column_text]<\/p>\n<h3>DISSENY<\/h3>\n<p>Una arquitectura amb un esperit d&#8217;alta qualitat defineix les nostres llars, les l\u00ednies simples i purs de les quals compten amb volums, llums i ombres. Creem espais \u00fanics i funcionals on flueix la llum a totes les habitacions. Es van aplicar conceptes bioclim\u00e0tics en el disseny que estudien l&#8217;orientaci\u00f3 \u00f2ptima a la trama que es va a construir. Utilitzem els materials m\u00e9s eficients i alhora reciclables en la construcci\u00f3 d&#8217;habitatges.[\/vc_column_text][vc_empty_space height=&#8221;15px&#8221;][\/vc_column_inner][vc_column_inner width=&#8221;1\/3&#8243; fadein=&#8221;yes&#8221;][vc_column_text]<\/p>\n<h3>INNOVACI\u00d3<\/h3>\n<p>Cada projecte que realitzem es <strong>\u00fanic<\/strong>. Estem al dia de totes les innovacions que van sorgint en el sector de la construcci\u00f3 per, posteriorment, aplicar-les en els habitatges <strong>nous materials que garantitzin un major confort.\u00a0<\/strong>[\/vc_column_text][vc_empty_space height=&#8221;15px&#8221;][\/vc_column_inner][vc_column_inner width=&#8221;1\/3&#8243; fadein=&#8221;yes&#8221;][vc_column_text]<\/p>\n<h3>EFICI\u00c8NCIA<\/h3>\n<p>El nostre objetiu es construir habitatges amb la <strong>certificaci\u00f3 energ\u00e8tica A.<\/strong> Per aquest motiu, controlem tot el proc\u00e9s constructiu de l&#8217;habitatge, seleccionem els millors materials del mercat i ens recolzem en les tecnologies m\u00e9s avan\u00e7ades.<\/p>\n<p>Cal destacar que, l&#8217;\u00fas d&#8217;energies alternatives com la solar o la geot\u00e8rmica ens ajuden a no contaminar i, a m\u00e9s, suposen un important <strong>estalvi econ\u00f2mic.<\/strong>[\/vc_column_text][vc_empty_space height=&#8221;15px&#8221;][\/vc_column_inner][\/vc_row_inner][\/vc_column][\/vc_row][vc_row section_top_margin=&#8221;doubletopmargin&#8221; section_bottom_margin=&#8221;doublebottommargin&#8221; section_background=&#8221;color&#8221; section_id=&#8221;statistic&#8221; section_name=&#8221;Statistic&#8221; background_color=&#8221;#ededed&#8221;][vc_column][jeg_heading type=&#8221;h2&#8243; title=&#8221;\u00daLTIMS PROJECTES&#8221; alt=&#8221;Disseny, Innovaci\u00f3 i Efici\u00e8ncia&#8221;][vc_row_inner][vc_column_inner width=&#8221;1\/2&#8243;][vc_column_text]<div class='article-slider-wrapper loading slider-inside-post '><div class='article-image-slider'>\n<img src='https:\/\/trivisa.es\/wp-content\/uploads\/2017\/05\/05.jpg' \/>\n<img src='https:\/\/trivisa.es\/wp-content\/uploads\/2017\/05\/04.jpg' \/>\n<img src='https:\/\/trivisa.es\/wp-content\/uploads\/2017\/05\/01.jpg' \/>\n<img src='https:\/\/trivisa.es\/wp-content\/uploads\/2017\/05\/02.jpg' \/>\n<img src='https:\/\/trivisa.es\/wp-content\/uploads\/2017\/05\/03.jpg' \/>\n<img src='https:\/\/trivisa.es\/wp-content\/uploads\/2017\/05\/06.jpg' \/>\n<\/div><\/div>[\/vc_column_text][\/vc_column_inner][vc_column_inner width=&#8221;1\/2&#8243;][vc_empty_space height=&#8221;40px&#8221;][jeg_skill_bar_wrapper][jeg_skill_bar_item percentage=&#8221;100&#8243; title=&#8221;DISSENY&#8221; graphcolor=&#8221;#66513d&#8221;][jeg_skill_bar_item percentage=&#8221;95&#8243; title=&#8221;INNOVACI\u00d3&#8221; graphcolor=&#8221;#66513d&#8221;][jeg_skill_bar_item percentage=&#8221;100&#8243; title=&#8221;EFICI\u00c8NCIA&#8221; graphcolor=&#8221;#66513d&#8221;][\/jeg_skill_bar_wrapper][jeg_button url=&#8221;https:\/\/trivisa.es\/ca\/projectes\/&#8221; text=&#8221;Veure Projectes&#8221;][\/vc_column_inner][\/vc_row_inner][\/vc_column][\/vc_row]\n<\/div>","protected":false},"excerpt":{"rendered":"<p>[vc_row section_top_margin=&#8221;doubletopmargin&#8221; section_background=&#8221;color&#8221; background_color=&#8221;#ffffff&#8221;][vc_column][jeg_heading type=&#8221;h2&#8243; title=&#8221;QU\u00c8 FEM&#8221; alt=&#8221;Disseny, Innovaci\u00f3 i Efici\u00e8ncia.&#8221;][vc_empty_space height=&#8221;10px&#8221;][vc_row_inner enable_animation=&#8221;yes&#8221; animspeed=&#8221;fast&#8221; seqspeed=&#8221;150&#8243;][vc_column_inner fadein=&#8221;yes&#8221; position=&#8221;bottom&#8221;][vc_column_text]TRIVISA \u00e9s una empresa formada per Arquitectes i Arquitectes T\u00e8cnics dedicada al sector de la construcci\u00f3 des de 1987. TRIVISA treballa tant per a mercats nacionals com internacionals i ofereix, entre altres productes, les &hellip; <a class=\"readmore\" href=\"https:\/\/trivisa.es\/ca\/que-fem\/\">Continue reading <span class=\"meta-nav\">&rarr;<\/span><\/a><\/p>\n","protected":false},"author":1,"featured_media":0,"parent":0,"menu_order":27,"comment_status":"closed","ping_status":"closed","template":"template\/template-landing-page-vc.php","meta":{"footnotes":""},"class_list":["post-2126","page","type-page","status-publish","hentry"],"_links":{"self":[{"href":"https:\/\/trivisa.es\/ca\/wp-json\/wp\/v2\/pages\/2126","targetHints":{"allow":["GET"]}}],"collection":[{"href":"https:\/\/trivisa.es\/ca\/wp-json\/wp\/v2\/pages"}],"about":[{"href":"https:\/\/trivisa.es\/ca\/wp-json\/wp\/v2\/types\/page"}],"author":[{"embeddable":true,"href":"https:\/\/trivisa.es\/ca\/wp-json\/wp\/v2\/users\/1"}],"replies":[{"embeddable":true,"href":"https:\/\/trivisa.es\/ca\/wp-json\/wp\/v2\/comments?post=2126"}],"version-history":[{"count":0,"href":"https:\/\/trivisa.es\/ca\/wp-json\/wp\/v2\/pages\/2126\/revisions"}],"wp:attachment":[{"href":"https:\/\/trivisa.es\/ca\/wp-json\/wp\/v2\/media?parent=2126"}],"curies":[{"name":"wp","href":"https:\/\/api.w.org\/{rel}","templated":true}]}}