{"id":2052,"date":"2017-07-25T11:20:59","date_gmt":"2017-07-25T11:20:59","guid":{"rendered":"http:\/\/trivisa.es\/?page_id=2052"},"modified":"2024-12-03T12:02:09","modified_gmt":"2024-12-03T12:02:09","slug":"trivisa","status":"publish","type":"page","link":"https:\/\/trivisa.es\/ca\/","title":{"rendered":"Trivisa"},"content":{"rendered":"<div class=\"wpb-content-wrapper\">[vc_row][vc_column][jeg_heading title=&#8221;SERVEIS QUE OFERIM &#8220;][vc_row_inner][vc_column_inner el_class=&#8221;blanco&#8221; width=&#8221;1\/3&#8243;][vc_single_image image=&#8221;1505&#8243; img_size=&#8221;medium&#8221; alignment=&#8221;center&#8221; style=&#8221;vc_box_circle_2&#8243;][vc_column_text]<\/p>\n<h3 style=\"text-align: center;\"><strong>ARQUITECTURA I DISENY<\/strong><\/h3>\n<p>[\/vc_column_text][vc_separator color=&#8221;black&#8221; border_width=&#8221;3&#8243; el_width=&#8221;20&#8243;][vc_column_text]<\/p>\n<p style=\"text-align: center;\">Dissenyem la teva casa a la teva manera. La nostre feina es ajudar-te a definir-la i a desenvolupar les teves idees per aconseguir la casa dels teus somnis.<\/p>\n<p>[\/vc_column_text][\/vc_column_inner][vc_column_inner el_class=&#8221;blanco&#8221; width=&#8221;1\/3&#8243;][vc_single_image image=&#8221;1852&#8243; img_size=&#8221;medium&#8221; alignment=&#8221;center&#8221; style=&#8221;vc_box_circle_2&#8243;][vc_column_text]<\/p>\n<h3 style=\"text-align: center;\"><strong>SELECCI\u00d3 DE PARCEL\u00b7LES<\/strong><\/h3>\n<p>[\/vc_column_text][vc_separator color=&#8221;black&#8221; border_width=&#8221;3&#8243; el_width=&#8221;20&#8243;][vc_column_text]<\/p>\n<p style=\"text-align: center;\">Busquem la parcel\u00b7la que millor s\u2019adapti a les teves necessitats i que compleixi els teus requisits d\u2019orientaci\u00f3, localitzaci\u00f3 i vistes.<\/p>\n<p>[\/vc_column_text][\/vc_column_inner][vc_column_inner el_class=&#8221;blanco&#8221; width=&#8221;1\/3&#8243;][vc_single_image image=&#8221;1921&#8243; img_size=&#8221;medium&#8221; alignment=&#8221;center&#8221; style=&#8221;vc_box_circle_2&#8243;][vc_column_text]<\/p>\n<h3 style=\"text-align: center;\"><strong>EFICI\u00c8NCIA ENERG\u00c8TICA<\/strong><\/h3>\n<p>[\/vc_column_text][vc_separator color=&#8221;black&#8221; border_width=&#8221;3&#8243; el_width=&#8221;20&#8243;][vc_column_text]<\/p>\n<p style=\"text-align: center;\">Creem cases eficients, t\u2019oferim la millor orientaci\u00f3 de les cases per a maximitzar el rendiment energ\u00e8tic i assegurar-te un major confort.<\/p>\n<p>[\/vc_column_text][\/vc_column_inner][\/vc_row_inner][vc_row_inner][vc_column_inner el_class=&#8221;blanco&#8221; width=&#8221;1\/3&#8243;][vc_single_image image=&#8221;1854&#8243; img_size=&#8221;medium&#8221; alignment=&#8221;center&#8221; style=&#8221;vc_box_circle_2&#8243;][vc_column_text]<\/p>\n<h3 style=\"text-align: center;\"><strong>CONSTRUCCI\u00d3 INNOVADORA<\/strong><\/h3>\n<p>[\/vc_column_text][vc_separator color=&#8221;black&#8221; border_width=&#8221;3&#8243; el_width=&#8221;20&#8243;][vc_column_text]<\/p>\n<p style=\"text-align: center;\">Realitzem tot tipus d\u2019edificacions i obres utilitzant les \u00faltimes tecnologies.<\/p>\n<p>[\/vc_column_text][\/vc_column_inner][vc_column_inner el_class=&#8221;blanco&#8221; width=&#8221;1\/3&#8243;][vc_single_image image=&#8221;2239&#8243; img_size=&#8221;medium&#8221; alignment=&#8221;center&#8221; style=&#8221;vc_box_circle_2&#8243;][vc_column_text]<\/p>\n<h3 style=\"text-align: center;\"><strong>RENOVACI\u00d3 I REHABILITACI\u00d3<\/strong><\/h3>\n<p>[\/vc_column_text][vc_separator color=&#8221;black&#8221; border_width=&#8221;3&#8243; el_width=&#8221;20&#8243;][vc_column_text]<\/p>\n<p style=\"text-align: center;\">T&#8217;orientem i t\u2019ajudem a reformar i\/o rehabilitar el teu habitatge.<\/p>\n<p>[\/vc_column_text][\/vc_column_inner][vc_column_inner el_class=&#8221;blanco&#8221; width=&#8221;1\/3&#8243;][vc_single_image image=&#8221;1918&#8243; img_size=&#8221;medium&#8221; alignment=&#8221;center&#8221; style=&#8221;vc_box_circle_2&#8243;][vc_column_text]<\/p>\n<h3 style=\"text-align: center;\"><strong>SOPORT T\u00c8CNIC<\/strong><\/h3>\n<p>[\/vc_column_text][vc_separator color=&#8221;black&#8221; border_width=&#8221;3&#8243; el_width=&#8221;20&#8243;][vc_column_text]<\/p>\n<p style=\"text-align: center;\">Comptem amb professionals especialitzats en la direcci\u00f3, el seguiment i la gesti\u00f3 d\u2019obra per resoldre qualsevol problema que pugui sorgir durant l&#8217;execuci\u00f3 de l\u2019obra.<\/p>\n<p>[\/vc_column_text][\/vc_column_inner][\/vc_row_inner][\/vc_column][\/vc_row][vc_row section_top_margin=&#8221;doubletopmargin&#8221; section_bottom_margin=&#8221;doublebottommargin&#8221; section_schema=&#8221;light&#8221; section_background=&#8221;parallaxbg&#8221; parallax_enable_1=&#8221;yes&#8221; parallax_background_1=&#8221;center&#8221; parallax_cover_1=&#8221;yes&#8221; parallax_speed_1=&#8221;300&#8243; parallax_overlay=&#8221;rgba(0,0,0,0.55)&#8221; parallax_image_1=&#8221;1628&#8243;][vc_column][jeg_landing_quote text=&#8221;T&#8217;oferim projectes innovadors d&#8217;habitatges exclusius basats en un disseny actual i en l&#8217;efici\u00e8ncia constructiva&#8221;][\/vc_column][\/vc_row][vc_row section_top_margin=&#8221;doubletopmargin&#8221; section_background=&#8221;color&#8221; section_id=&#8221;profile&#8221; section_name=&#8221;Profile&#8221; background_color=&#8221;#ffffff&#8221;][vc_column][jeg_heading title=&#8221;SOBRE NOSALTRES&#8221;][vc_row_inner enable_animation=&#8221;yes&#8221; animspeed=&#8221;fast&#8221; seqspeed=&#8221;150&#8243;][vc_column_inner width=&#8221;1\/3&#8243; fadein=&#8221;yes&#8221; position=&#8221;bottom&#8221;][vc_column_text]<\/p>\n<h3 style=\"text-align: justify;\">QUI SOM<\/h3>\n<div class=\"wpb_text_column wpb_content_element \" style=\"text-align: justify;\">\n<div class=\"wpb_wrapper\">\n<p>Som TRIVISA, una empresa formada per arquitectes, interioristes, t\u00e8cnics especialitzats i decoradors en diferents \u00e0rees, dedicada al sector de la construcci\u00f3 des de 1987.<\/p>\n<p>Amb m\u00e9s de 30 anys d\u2019experi\u00e8ncia, hem assumit un comprom\u00eds amb la qualitat, el medi ambient i la efici\u00e8ncia constructiva per les nostres cases.<\/p>\n<p>Treballem per a mercats nacionals i internacionals i oferim, entre altres productes, les millors parcel\u00b7les de la zona per a construir les m\u00e9s exclusives cases del mercat immobiliari.<\/p>\n<p>A m\u00e9s, l\u2019empresa es beneficia d\u2019una excel\u00b7lent ubicaci\u00f3 a Sitges, ciutat cultural i cosmopolita, situada a la costa mediterr\u00e0nia, a nom\u00e9s 30 minuts de Barcelona.<\/p>\n<\/div>\n<\/div>\n<p>[\/vc_column_text][\/vc_column_inner][vc_column_inner width=&#8221;1\/3&#8243; fadein=&#8221;yes&#8221; position=&#8221;bottom&#8221;][vc_single_image image=&#8221;1623&#8243; img_size=&#8221;large&#8221; alignment=&#8221;center&#8221;][\/vc_column_inner][vc_column_inner width=&#8221;1\/3&#8243; fadein=&#8221;yes&#8221; position=&#8221;bottom&#8221;][vc_column_text]<\/p>\n<h3>QU\u00c8 FEM<\/h3>\n<p>[\/vc_column_text][vc_accordion active_tab=&#8221;1&#8243; collapsible=&#8221;yes&#8221;][vc_accordion_tab title=&#8221;DISSENY&#8221;][vc_column_text]El disseny de la nostra arquitectura \u00e9s un aspecte fundamental en la nostra construcci\u00f3. Creem espais \u00fanics i funcionals en els habitatges, definits per a l\u00ednies simples que juguen amb els volums, les llums i les ombres.<\/p>\n<p>En el proc\u00e9s d\u2019estudi de la parcel\u00b7la, apliquem conceptes bioclim\u00e0tics, com la llum del sol, per a crear un habitatge eficient.[\/vc_column_text][\/vc_accordion_tab][vc_accordion_tab title=&#8221;INNOVACI\u00d3&#8221;][vc_column_text]Cada projecte que realitzem es <strong>\u00fanic<\/strong>. Estem al dia de totes les innovacions que van sorgint en el sector de la construcci\u00f3 per, posteriorment, aplicar-les en els habitatges <strong>nous materials que garantitzin un major confort.\u00a0<\/strong>[\/vc_column_text][\/vc_accordion_tab][vc_accordion_tab title=&#8221;EFICI\u00c8NCIA&#8221;][vc_column_text]El nostre objetiu es construir habitatges amb la <strong>certificaci\u00f3 energ\u00e8tica A.<\/strong> Per aquest motiu, controlem tot el proc\u00e9s constructiu de l&#8217;habitatge, seleccionem els millors materials del mercat i ens recolzem en les tecnologies m\u00e9s avan\u00e7ades.<\/p>\n<p>Cal destacar que, l&#8217;\u00fas d&#8217;energies alternatives com la solar o la geot\u00e8rmica ens ajuden a no contaminar i, a m\u00e9s, suposen un important <strong>estalvi econ\u00f2mic.<\/strong>[\/vc_column_text][\/vc_accordion_tab][\/vc_accordion][\/vc_column_inner][\/vc_row_inner][\/vc_column][\/vc_row][vc_row section_top_margin=&#8221;doubletopmargin&#8221; section_bottom_margin=&#8221;doublebottommargin&#8221; section_background=&#8221;color&#8221; section_id=&#8221;project&#8221; section_name=&#8221;Featured Project&#8221; background_color=&#8221;#f1f1f1&#8243;][vc_column][jeg_heading title=&#8221;PROJECTES&#8221;][jeg_portfolio_wrapper parent=&#8221;2172&#8243; buttontext=&#8221;TOTS ELS PROJECTES&#8221;][jeg_portfolio_item id=&#8221;2071&#8243; image=&#8221;1631&#8243;][jeg_portfolio_item id=&#8221;2075&#8243; blockwidth=&#8221;2\/3&#8243; blockheight=&#8221;2&#8243; image=&#8221;1633&#8243;][jeg_portfolio_item id=&#8221;2080&#8243; image=&#8221;2247&#8243;][jeg_portfolio_item id=&#8221;2078&#8243; blockheight=&#8221;2&#8243; image=&#8221;1635&#8243;][jeg_portfolio_item id=&#8221;2080&#8243; image=&#8221;2216&#8243;][jeg_portfolio_item id=&#8221;2080&#8243; image=&#8221;2251&#8243;][jeg_portfolio_item id=&#8221;2078&#8243; image=&#8221;2249&#8243;][jeg_portfolio_item id=&#8221;2078&#8243; image=&#8221;1639&#8243;][\/jeg_portfolio_wrapper][\/vc_column][\/vc_row][vc_row section_top_margin=&#8221;doubletopmargin&#8221; section_bottom_margin=&#8221;doublebottommargin&#8221; section_schema=&#8221;light&#8221; section_background=&#8221;parallaxbg&#8221; parallax_enable_1=&#8221;yes&#8221; parallax_background_1=&#8221;center&#8221; parallax_cover_1=&#8221;yes&#8221; parallax_speed_1=&#8221;300&#8243; parallax_overlay=&#8221;rgba(0,0,0,0.55)&#8221; parallax_image_1=&#8221;1627&#8243;][vc_column][vc_custom_heading text=&#8221;Sol\u00b7liciti informaci\u00f3 i pressupost sense comprom\u00eds&#8221; font_container=&#8221;tag:h2|font_size:32px|text_align:center|line_height:48px&#8221; google_fonts=&#8221;font_family:Merriweather%3A300%2C300italic%2Cregular%2Citalic%2C700%2C700italic%2C900%2C900italic|font_style:400%20regular%3A400%3Anormal&#8221;][vc_column_text]<\/p>\n<h4 style=\"text-align: center;\">L&#8217;assessorem fins a aconseguir el resultat desitjat.<\/h4>\n<p>[\/vc_column_text][jeg_button url=&#8221;https:\/\/trivisa.es\/contacto\/&#8221; text=&#8221;SOL\u00b7LICITAR&#8221;][\/vc_column][\/vc_row]\n<\/div>","protected":false},"excerpt":{"rendered":"<p>[vc_row][vc_column][jeg_heading title=&#8221;SERVEIS QUE OFERIM &#8220;][vc_row_inner][vc_column_inner el_class=&#8221;blanco&#8221; width=&#8221;1\/3&#8243;][vc_single_image image=&#8221;1505&#8243; img_size=&#8221;medium&#8221; alignment=&#8221;center&#8221; style=&#8221;vc_box_circle_2&#8243;][vc_column_text] ARQUITECTURA I DISENY [\/vc_column_text][vc_separator color=&#8221;black&#8221; border_width=&#8221;3&#8243; el_width=&#8221;20&#8243;][vc_column_text] Dissenyem la teva casa a la teva manera. La nostre feina es ajudar-te a definir-la i a desenvolupar les teves idees per aconseguir la casa dels teus somnis. [\/vc_column_text][\/vc_column_inner][vc_column_inner el_class=&#8221;blanco&#8221; width=&#8221;1\/3&#8243;][vc_single_image image=&#8221;1852&#8243; &hellip; <a class=\"readmore\" href=\"https:\/\/trivisa.es\/ca\/\">Continue reading <span class=\"meta-nav\">&rarr;<\/span><\/a><\/p>\n","protected":false},"author":1,"featured_media":0,"parent":0,"menu_order":18,"comment_status":"closed","ping_status":"closed","template":"template\/template-landing-page-vc.php","meta":{"footnotes":""},"class_list":["post-2052","page","type-page","status-publish","hentry"],"_links":{"self":[{"href":"https:\/\/trivisa.es\/ca\/wp-json\/wp\/v2\/pages\/2052","targetHints":{"allow":["GET"]}}],"collection":[{"href":"https:\/\/trivisa.es\/ca\/wp-json\/wp\/v2\/pages"}],"about":[{"href":"https:\/\/trivisa.es\/ca\/wp-json\/wp\/v2\/types\/page"}],"author":[{"embeddable":true,"href":"https:\/\/trivisa.es\/ca\/wp-json\/wp\/v2\/users\/1"}],"replies":[{"embeddable":true,"href":"https:\/\/trivisa.es\/ca\/wp-json\/wp\/v2\/comments?post=2052"}],"version-history":[{"count":0,"href":"https:\/\/trivisa.es\/ca\/wp-json\/wp\/v2\/pages\/2052\/revisions"}],"wp:attachment":[{"href":"https:\/\/trivisa.es\/ca\/wp-json\/wp\/v2\/media?parent=2052"}],"curies":[{"name":"wp","href":"https:\/\/api.w.org\/{rel}","templated":true}]}}